{"id":2601,"date":"2022-06-08T22:59:50","date_gmt":"2022-06-08T20:59:50","guid":{"rendered":"https:\/\/domaine-du-puy.com\/?post_type=product&#038;p=2601"},"modified":"2022-06-08T22:59:51","modified_gmt":"2022-06-08T20:59:51","slug":"la-part-des-anges-2018","status":"publish","type":"product","link":"https:\/\/domaine-du-puy.com\/en\/produit\/la-part-des-anges-2018\/","title":{"rendered":"La Part des Anges 2018"},"content":{"rendered":"","protected":false},"excerpt":{"rendered":"<p><em>\u00c9levage de 8 mois en f\u00fbt de ch\u00eane<\/em><\/p>\n<p><strong>Enc\u00e9pagement<\/strong> : 100 % Cabernet Franc<br \/>\n<strong>Terroir<\/strong> : Plateau sur sol Argilo-siliceux<br \/>\n<strong>Superficie<\/strong> : 30 ares<br \/>\n<strong>Age vignes<\/strong> : 75 ans<\/p>\n<p><strong>Eye<\/strong> : Intense cherry color with carmine hues.<\/p>\n<p><strong>Le nez<\/strong> : Les registres du bois\u00e9 noble et des fruits noirs confitur\u00e9s s\u2019associent dans une belle harmonie. El\u00e9gant et assez complexe. Un ensemble olfactif tr\u00e8s engageant.<\/p>\n<p><strong>La bouche<\/strong> : Franche et bien construite, sur un bel enveloppement. Les saveurs de fruits rouges frais se livrent g\u00e9n\u00e9reusement dans une cuv\u00e9e longiligne, dot\u00e9e d\u2019un bel \u00e9quilibre acidit\u00e9\/gras et ponctu\u00e9 d\u2019une finale soyeuse agr\u00e9able persistante.<\/p>\n","protected":false},"featured_media":2984,"comment_status":"open","ping_status":"closed","template":"","meta":{"_et_pb_use_builder":"","_et_pb_old_content":"","_et_gb_content_width":""},"product_brand":[],"product_cat":[69],"product_tag":[],"class_list":{"0":"post-2601","1":"product","2":"type-product","3":"status-publish","4":"has-post-thumbnail","6":"product_cat-vin","8":"first","9":"outofstock","10":"taxable","11":"shipping-taxable","12":"purchasable","13":"product-type-simple"},"yoast_head":"<!-- This site is optimized with the Yoast SEO plugin v27.1.1 - https:\/\/yoast.com\/product\/yoast-seo-wordpress\/ -->\n<title>La Part des Anges 2018 AOC Chinon | Domaine du Puy<\/title>\n<meta name=\"description\" content=\"La part des anges AOC chinon est une cuv\u00e9e longiligne, dot\u00e9e d\u2019un bel \u00e9quilibre acidit\u00e9\/gras et ponctu\u00e9e d\u2019une finale soyeuse agr\u00e9able.\" \/>\n<meta name=\"robots\" content=\"index, follow, max-snippet:-1, max-image-preview:large, max-video-preview:-1\" \/>\n<link rel=\"canonical\" href=\"https:\/\/domaine-du-puy.com\/en\/produit\/la-part-des-anges-2018\/\" \/>\n<meta property=\"og:locale\" content=\"en_US\" \/>\n<meta property=\"og:type\" content=\"article\" \/>\n<meta property=\"og:title\" content=\"La Part des Anges 2018 AOC Chinon | Domaine du Puy\" \/>\n<meta property=\"og:description\" content=\"La part des anges AOC chinon est une cuv\u00e9e longiligne, dot\u00e9e d\u2019un bel \u00e9quilibre acidit\u00e9\/gras et ponctu\u00e9e d\u2019une finale soyeuse agr\u00e9able.\" \/>\n<meta property=\"og:url\" content=\"https:\/\/domaine-du-puy.com\/en\/produit\/la-part-des-anges-2018\/\" \/>\n<meta property=\"og:site_name\" content=\"Domaine du Puy\" \/>\n<meta property=\"article:publisher\" content=\"https:\/\/facebook.com\/domainedupuy37\" \/>\n<meta property=\"article:modified_time\" content=\"2022-06-08T20:59:51+00:00\" \/>\n<meta property=\"og:image\" content=\"https:\/\/domaine-du-puy.com\/wp-content\/uploads\/2020\/06\/la-part-des-anges-2016.png\" \/>\n\t<meta property=\"og:image:width\" content=\"240\" \/>\n\t<meta property=\"og:image:height\" content=\"809\" \/>\n\t<meta property=\"og:image:type\" content=\"image\/png\" \/>\n<meta name=\"twitter:card\" content=\"summary_large_image\" \/>\n<script type=\"application\/ld+json\" class=\"yoast-schema-graph\">{\"@context\":\"https:\/\/schema.org\",\"@graph\":[{\"@type\":\"WebPage\",\"@id\":\"https:\/\/domaine-du-puy.com\/en\/produit\/la-part-des-anges-2018\/\",\"url\":\"https:\/\/domaine-du-puy.com\/en\/produit\/la-part-des-anges-2018\/\",\"name\":\"La Part des Anges 2018 AOC Chinon | Domaine du Puy\",\"isPartOf\":{\"@id\":\"https:\/\/domaine-du-puy.com\/en\/#website\"},\"primaryImageOfPage\":{\"@id\":\"https:\/\/domaine-du-puy.com\/en\/produit\/la-part-des-anges-2018\/#primaryimage\"},\"image\":{\"@id\":\"https:\/\/domaine-du-puy.com\/en\/produit\/la-part-des-anges-2018\/#primaryimage\"},\"thumbnailUrl\":\"https:\/\/domaine-du-puy.com\/wp-content\/uploads\/2020\/06\/la-part-des-anges-2020.png\",\"datePublished\":\"2022-06-08T20:59:50+00:00\",\"dateModified\":\"2022-06-08T20:59:51+00:00\",\"description\":\"La part des anges AOC chinon est une cuv\u00e9e longiligne, dot\u00e9e d\u2019un bel \u00e9quilibre acidit\u00e9\/gras et ponctu\u00e9e d\u2019une finale soyeuse agr\u00e9able.\",\"breadcrumb\":{\"@id\":\"https:\/\/domaine-du-puy.com\/en\/produit\/la-part-des-anges-2018\/#breadcrumb\"},\"inLanguage\":\"en-US\",\"potentialAction\":[{\"@type\":\"ReadAction\",\"target\":[\"https:\/\/domaine-du-puy.com\/en\/produit\/la-part-des-anges-2018\/\"]}]},{\"@type\":\"ImageObject\",\"inLanguage\":\"en-US\",\"@id\":\"https:\/\/domaine-du-puy.com\/en\/produit\/la-part-des-anges-2018\/#primaryimage\",\"url\":\"https:\/\/domaine-du-puy.com\/wp-content\/uploads\/2020\/06\/la-part-des-anges-2020.png\",\"contentUrl\":\"https:\/\/domaine-du-puy.com\/wp-content\/uploads\/2020\/06\/la-part-des-anges-2020.png\",\"width\":1200,\"height\":1200,\"caption\":\"La part des anges 2020 chinon rouge domaine du puy cabernet franc\"},{\"@type\":\"BreadcrumbList\",\"@id\":\"https:\/\/domaine-du-puy.com\/en\/produit\/la-part-des-anges-2018\/#breadcrumb\",\"itemListElement\":[{\"@type\":\"ListItem\",\"position\":1,\"name\":\"Accueil\",\"item\":\"https:\/\/domaine-du-puy.com\/en\/home\/\"},{\"@type\":\"ListItem\",\"position\":2,\"name\":\"Nos vins\",\"item\":\"https:\/\/domaine-du-puy.com\/nos-vins-cabernet-franc\/\"},{\"@type\":\"ListItem\",\"position\":3,\"name\":\"La Part des Anges 2018\"}]},{\"@type\":\"WebSite\",\"@id\":\"https:\/\/domaine-du-puy.com\/en\/#website\",\"url\":\"https:\/\/domaine-du-puy.com\/en\/\",\"name\":\"Domaine du Puy\",\"description\":\"Vigneron \u00e0 Chinon depuis 1820\",\"publisher\":{\"@id\":\"https:\/\/domaine-du-puy.com\/en\/#organization\"},\"potentialAction\":[{\"@type\":\"SearchAction\",\"target\":{\"@type\":\"EntryPoint\",\"urlTemplate\":\"https:\/\/domaine-du-puy.com\/en\/?s={search_term_string}\"},\"query-input\":{\"@type\":\"PropertyValueSpecification\",\"valueRequired\":true,\"valueName\":\"search_term_string\"}}],\"inLanguage\":\"en-US\"},{\"@type\":\"Organization\",\"@id\":\"https:\/\/domaine-du-puy.com\/en\/#organization\",\"name\":\"Domaine du Puy\",\"url\":\"https:\/\/domaine-du-puy.com\/en\/\",\"logo\":{\"@type\":\"ImageObject\",\"inLanguage\":\"en-US\",\"@id\":\"https:\/\/domaine-du-puy.com\/en\/#\/schema\/logo\/image\/\",\"url\":\"https:\/\/domaine-du-puy.com\/wp-content\/uploads\/2020\/06\/logo-domaine-du-puy-1.png\",\"contentUrl\":\"https:\/\/domaine-du-puy.com\/wp-content\/uploads\/2020\/06\/logo-domaine-du-puy-1.png\",\"width\":2600,\"height\":783,\"caption\":\"Domaine du Puy\"},\"image\":{\"@id\":\"https:\/\/domaine-du-puy.com\/en\/#\/schema\/logo\/image\/\"},\"sameAs\":[\"https:\/\/facebook.com\/domainedupuy37\",\"https:\/\/instagram.com\/domainedupuy\"]}]}<\/script>\n<!-- \/ Yoast SEO plugin. -->","yoast_head_json":{"title":"La Part des Anges 2018 AOC Chinon | Domaine du Puy","description":"La part des anges AOC chinon est une cuv\u00e9e longiligne, dot\u00e9e d\u2019un bel \u00e9quilibre acidit\u00e9\/gras et ponctu\u00e9e d\u2019une finale soyeuse agr\u00e9able.","robots":{"index":"index","follow":"follow","max-snippet":"max-snippet:-1","max-image-preview":"max-image-preview:large","max-video-preview":"max-video-preview:-1"},"canonical":"https:\/\/domaine-du-puy.com\/en\/produit\/la-part-des-anges-2018\/","og_locale":"en_US","og_type":"article","og_title":"La Part des Anges 2018 AOC Chinon | Domaine du Puy","og_description":"La part des anges AOC chinon est une cuv\u00e9e longiligne, dot\u00e9e d\u2019un bel \u00e9quilibre acidit\u00e9\/gras et ponctu\u00e9e d\u2019une finale soyeuse agr\u00e9able.","og_url":"https:\/\/domaine-du-puy.com\/en\/produit\/la-part-des-anges-2018\/","og_site_name":"Domaine du Puy","article_publisher":"https:\/\/facebook.com\/domainedupuy37","article_modified_time":"2022-06-08T20:59:51+00:00","og_image":[{"width":240,"height":809,"url":"https:\/\/domaine-du-puy.com\/wp-content\/uploads\/2020\/06\/la-part-des-anges-2016.png","type":"image\/png"}],"twitter_card":"summary_large_image","schema":{"@context":"https:\/\/schema.org","@graph":[{"@type":"WebPage","@id":"https:\/\/domaine-du-puy.com\/en\/produit\/la-part-des-anges-2018\/","url":"https:\/\/domaine-du-puy.com\/en\/produit\/la-part-des-anges-2018\/","name":"La Part des Anges 2018 AOC Chinon | Domaine du Puy","isPartOf":{"@id":"https:\/\/domaine-du-puy.com\/en\/#website"},"primaryImageOfPage":{"@id":"https:\/\/domaine-du-puy.com\/en\/produit\/la-part-des-anges-2018\/#primaryimage"},"image":{"@id":"https:\/\/domaine-du-puy.com\/en\/produit\/la-part-des-anges-2018\/#primaryimage"},"thumbnailUrl":"https:\/\/domaine-du-puy.com\/wp-content\/uploads\/2020\/06\/la-part-des-anges-2020.png","datePublished":"2022-06-08T20:59:50+00:00","dateModified":"2022-06-08T20:59:51+00:00","description":"La part des anges AOC chinon est une cuv\u00e9e longiligne, dot\u00e9e d\u2019un bel \u00e9quilibre acidit\u00e9\/gras et ponctu\u00e9e d\u2019une finale soyeuse agr\u00e9able.","breadcrumb":{"@id":"https:\/\/domaine-du-puy.com\/en\/produit\/la-part-des-anges-2018\/#breadcrumb"},"inLanguage":"en-US","potentialAction":[{"@type":"ReadAction","target":["https:\/\/domaine-du-puy.com\/en\/produit\/la-part-des-anges-2018\/"]}]},{"@type":"ImageObject","inLanguage":"en-US","@id":"https:\/\/domaine-du-puy.com\/en\/produit\/la-part-des-anges-2018\/#primaryimage","url":"https:\/\/domaine-du-puy.com\/wp-content\/uploads\/2020\/06\/la-part-des-anges-2020.png","contentUrl":"https:\/\/domaine-du-puy.com\/wp-content\/uploads\/2020\/06\/la-part-des-anges-2020.png","width":1200,"height":1200,"caption":"La part des anges 2020 chinon rouge domaine du puy cabernet franc"},{"@type":"BreadcrumbList","@id":"https:\/\/domaine-du-puy.com\/en\/produit\/la-part-des-anges-2018\/#breadcrumb","itemListElement":[{"@type":"ListItem","position":1,"name":"Accueil","item":"https:\/\/domaine-du-puy.com\/en\/home\/"},{"@type":"ListItem","position":2,"name":"Nos vins","item":"https:\/\/domaine-du-puy.com\/nos-vins-cabernet-franc\/"},{"@type":"ListItem","position":3,"name":"La Part des Anges 2018"}]},{"@type":"WebSite","@id":"https:\/\/domaine-du-puy.com\/en\/#website","url":"https:\/\/domaine-du-puy.com\/en\/","name":"Domaine du Puy","description":"Vigneron \u00e0 Chinon depuis 1820","publisher":{"@id":"https:\/\/domaine-du-puy.com\/en\/#organization"},"potentialAction":[{"@type":"SearchAction","target":{"@type":"EntryPoint","urlTemplate":"https:\/\/domaine-du-puy.com\/en\/?s={search_term_string}"},"query-input":{"@type":"PropertyValueSpecification","valueRequired":true,"valueName":"search_term_string"}}],"inLanguage":"en-US"},{"@type":"Organization","@id":"https:\/\/domaine-du-puy.com\/en\/#organization","name":"Domaine du Puy","url":"https:\/\/domaine-du-puy.com\/en\/","logo":{"@type":"ImageObject","inLanguage":"en-US","@id":"https:\/\/domaine-du-puy.com\/en\/#\/schema\/logo\/image\/","url":"https:\/\/domaine-du-puy.com\/wp-content\/uploads\/2020\/06\/logo-domaine-du-puy-1.png","contentUrl":"https:\/\/domaine-du-puy.com\/wp-content\/uploads\/2020\/06\/logo-domaine-du-puy-1.png","width":2600,"height":783,"caption":"Domaine du Puy"},"image":{"@id":"https:\/\/domaine-du-puy.com\/en\/#\/schema\/logo\/image\/"},"sameAs":["https:\/\/facebook.com\/domainedupuy37","https:\/\/instagram.com\/domainedupuy"]}]}},"_links":{"self":[{"href":"https:\/\/domaine-du-puy.com\/en\/wp-json\/wp\/v2\/product\/2601","targetHints":{"allow":["GET"]}}],"collection":[{"href":"https:\/\/domaine-du-puy.com\/en\/wp-json\/wp\/v2\/product"}],"about":[{"href":"https:\/\/domaine-du-puy.com\/en\/wp-json\/wp\/v2\/types\/product"}],"replies":[{"embeddable":true,"href":"https:\/\/domaine-du-puy.com\/en\/wp-json\/wp\/v2\/comments?post=2601"}],"wp:featuredmedia":[{"embeddable":true,"href":"https:\/\/domaine-du-puy.com\/en\/wp-json\/wp\/v2\/media\/2984"}],"wp:attachment":[{"href":"https:\/\/domaine-du-puy.com\/en\/wp-json\/wp\/v2\/media?parent=2601"}],"wp:term":[{"taxonomy":"product_brand","embeddable":true,"href":"https:\/\/domaine-du-puy.com\/en\/wp-json\/wp\/v2\/product_brand?post=2601"},{"taxonomy":"product_cat","embeddable":true,"href":"https:\/\/domaine-du-puy.com\/en\/wp-json\/wp\/v2\/product_cat?post=2601"},{"taxonomy":"product_tag","embeddable":true,"href":"https:\/\/domaine-du-puy.com\/en\/wp-json\/wp\/v2\/product_tag?post=2601"}],"curies":[{"name":"wp","href":"https:\/\/api.w.org\/{rel}","templated":true}]}}